{"id":9152,"date":"2022-02-16T16:36:35","date_gmt":"2022-02-16T07:36:35","guid":{"rendered":"https:\/\/sekitaniacademy.jp\/?page_id=9152"},"modified":"2022-02-16T16:36:35","modified_gmt":"2022-02-16T07:36:35","slug":"access","status":"publish","type":"page","link":"https:\/\/sekitaniacademy.jp\/pt\/access\/","title":{"rendered":"Acesso"},"content":{"rendered":"<ul class=\"bogo-language-switcher list-view\"><li class=\"ja first\"><span class=\"bogoflags bogoflags-jp\"><\/span> <span class=\"bogo-language-name\"><a rel=\"alternate\" hreflang=\"ja\" href=\"https:\/\/sekitaniacademy.jp\/wp-json\/wp\/v2\/pages\/9152\/\" title=\"Japanese\">\u65e5\u672c\u8a9e<\/a><\/span><\/li>\n<li class=\"pt-BR pt current last\"><span class=\"bogoflags bogoflags-br\"><\/span> <span class=\"bogo-language-name\"><a rel=\"alternate\" hreflang=\"pt-BR\" href=\"https:\/\/sekitaniacademy.jp\/pt\/wp-json\/wp\/v2\/pages\/9152\/\" title=\"Portuguese\" class=\"current\" aria-current=\"page\">Portugu\u00eas<\/a><\/span><\/li>\n<\/ul>\n<h3>Academia Brasileira de Jiu-Jitsu na cidade de Kosai, Prefeitura de Shizuoka<\/h3>\n<p>A Sekitani Jiu-Jitsu Academy ensina artes marciais mistas, karat\u00ea e m\u00e9todos de corrida, principalmente Jiu-Jitsu brasileiro, na cidade de Kosai, localizada no oeste da prov\u00edncia de Shizuoka. H\u00e1 estudantes da cidade de Hamamatsu e da cidade de Toyohashi, prefeitura de Aichi, bem como da cidade de Kosai. As visitas e experi\u00eancias s\u00e3o gratuitas, por isso sinta-se \u00e0 vontade para visitar a academia.<\/p>\n<table>\n<tbody>\n<tr>\n<th>Nome da academia<\/th>\n<td>SEKITANI JIUJITSU ACADEMY<br \/>\n\u203bRenomeado de SEKITANI GOLD TEAM em 2020<\/td>\n<\/tr>\n<tr>\n<th>localiza\u00e7\u00e3o<\/th>\n<td>2035-23<br \/>\nNakanogo, Arai-cho, Kosai-shi, Shizuoka 431-0301<\/td>\n<\/tr>\n<tr>\n<th>endere\u00e7o de contato<\/th>\n<td>Tel: 090-4262-3411 (Sekitani Daniella)<br \/>\nTel: 070-8339-9699 (Sekitani Jo\u00e3o Paulo Tadashi)\n<\/td>\n<\/tr>\n<\/tbody>\n<\/table>\n<div class=\"simplemap\"><div class=\"simplemap-content\" data-breakpoint=\"320\" data-lat=\"\" data-lng=\"\" data-zoom=\"16\" data-addr=\"\" data-infowindow=\"close\" data-map-type-control=\"false\" data-map-type-id=\"ROADMAP\" style=\"width:100%;height:350px;\">\u9759\u5ca1\u770c\u6e56\u897f\u5e02\u65b0\u5c45\u753a\u4e2d\u4e4b\u90f7 2035-23<\/div><\/div>\n<div class=\"clearfix\">\n<div class=\"col6 first\"><strong>Acesso de<\/strong><br \/>\n<span style=\"font-size: 14px;\">carro Se voc\u00ea estiver dirigindo, por favor, venha para Seigenzaka (interse\u00e7\u00e3o) da Rota 301 como um ponto de refer\u00eancia. Fica perto do restaurante &#8220;Sawayaka&#8221;.<\/span><\/div>\n<div class=\"col6\"><strong>Acesso de<\/strong><br \/>\n<span style=\"font-size: 14px;\">trem Se vier de trem, \u00e9 conveniente descer na esta\u00e7\u00e3o JR Washizu e pegar um t\u00e1xi. Se voc\u00ea entrar em contato conosco quando vier, vamos busc\u00e1-lo na esta\u00e7\u00e3o.<\/span><\/div>\n","protected":false},"excerpt":{"rendered":"<p>Academia Brasileira de Jiu-Jitsu na cidade de Kosai, Prefeitura de Shizuoka A Sekitani Jiu-Jitsu Academy ensina artes marciais mistas, karat\u00ea e m\u00e9todos de corrida, principalmente Jiu-Jitsu brasileiro, na cidade de Kosai, localizada no oeste da prov\u00edncia de Shizuoka. H\u00e1 estudantes da cidade de Hamamatsu e da cidade de Toyohashi, prefeitura de Aichi, bem como da [&hellip;]<\/p>\n","protected":false},"author":2,"featured_media":418,"parent":0,"menu_order":0,"comment_status":"closed","ping_status":"closed","template":"","meta":{"_locale":"pt_BR","_original_post":"https:\/\/sekitaniacademy.jp\/?page_id=354","footnotes":""},"class_list":["post-9152","page","type-page","status-publish","has-post-thumbnail","hentry","pt-BR"],"_links":{"self":[{"href":"https:\/\/sekitaniacademy.jp\/wp-json\/wp\/v2\/pages\/9152","targetHints":{"allow":["GET"]}}],"collection":[{"href":"https:\/\/sekitaniacademy.jp\/wp-json\/wp\/v2\/pages"}],"about":[{"href":"https:\/\/sekitaniacademy.jp\/wp-json\/wp\/v2\/types\/page"}],"author":[{"embeddable":true,"href":"https:\/\/sekitaniacademy.jp\/wp-json\/wp\/v2\/users\/2"}],"replies":[{"embeddable":true,"href":"https:\/\/sekitaniacademy.jp\/wp-json\/wp\/v2\/comments?post=9152"}],"version-history":[{"count":3,"href":"https:\/\/sekitaniacademy.jp\/wp-json\/wp\/v2\/pages\/9152\/revisions"}],"predecessor-version":[{"id":9155,"href":"https:\/\/sekitaniacademy.jp\/wp-json\/wp\/v2\/pages\/9152\/revisions\/9155"}],"wp:featuredmedia":[{"embeddable":true,"href":"https:\/\/sekitaniacademy.jp\/wp-json\/wp\/v2\/media\/418"}],"wp:attachment":[{"href":"https:\/\/sekitaniacademy.jp\/wp-json\/wp\/v2\/media?parent=9152"}],"curies":[{"name":"wp","href":"https:\/\/api.w.org\/{rel}","templated":true}]}}