{"id":9143,"date":"2022-02-16T16:14:21","date_gmt":"2022-02-16T07:14:21","guid":{"rendered":"https:\/\/sekitaniacademy.jp\/?page_id=9143"},"modified":"2022-02-16T16:22:12","modified_gmt":"2022-02-16T07:22:12","slug":"instructor","status":"publish","type":"page","link":"https:\/\/sekitaniacademy.jp\/pt\/instructor\/","title":{"rendered":"Introdu\u00e7\u00e3o do instrutor"},"content":{"rendered":"<ul class=\"bogo-language-switcher list-view\"><li class=\"ja first\"><span class=\"bogoflags bogoflags-jp\"><\/span> <span class=\"bogo-language-name\"><a rel=\"alternate\" hreflang=\"ja\" href=\"https:\/\/sekitaniacademy.jp\/wp-json\/wp\/v2\/pages\/9143\/\" title=\"Japanese\">\u65e5\u672c\u8a9e<\/a><\/span><\/li>\n<li class=\"pt-BR pt current last\"><span class=\"bogoflags bogoflags-br\"><\/span> <span class=\"bogo-language-name\"><a rel=\"alternate\" hreflang=\"pt-BR\" href=\"https:\/\/sekitaniacademy.jp\/pt\/wp-json\/wp\/v2\/pages\/9143\/\" title=\"Portuguese\" class=\"current\" aria-current=\"page\">Portugu\u00eas<\/a><\/span><\/li>\n<\/ul>\n<h3 id=\"instructor\">Quero fortalecer as pessoas com Jiu-Jitsu e artes marciais<\/h3>\n<p>Sou Sekitani, instrutor que hospeda a Academia Sekitani Jiu-Jitsu. J\u00e1 se passaram 20 anos desde que comecei o Brazilian Jiu-Jitsu.<br \/>\nO Jiu-Jitsu brasileiro \u00e9 uma arte marcial em que o jud\u00f4 japon\u00eas foi apresentado \u00e0 fam\u00edlia Gracie no Brasil por Mitsuyo Maeda (Konde Koma), e foi reimportado para o Jap\u00e3o atrav\u00e9s de sua pr\u00f3pria evolu\u00e7\u00e3o . Originalmente nascido no Jap\u00e3o, ao contr\u00e1rio dos esportes ocidentais, valorizamos a etiqueta e o cora\u00e7\u00e3o.<br \/>\nPortanto, pode-se dizer que \u00e9 um esporte muito eficaz em termos de desenvolvimento humano.<\/p>\n<p>No Brazilian Jiu-Jitsu, n\u00e3o apenas o corpo, mas tamb\u00e9m a mente se torna macia e flex\u00edvel ao perceber o movimento suave e suave como uma bola. &#8220;Brazilian Jiu-Jitsu&#8221; \u00e9 um esporte que voc\u00ea pode desfrutar como um estilo de vida, onde voc\u00ea pode ser educado e pensar positivamente sobre sua vida di\u00e1ria continuando por muito tempo.<br \/>\n\u00c9 um novo esporte adequado para o s\u00e9culo 21, que \u00e9 diferente de qualquer esporte.<\/p>\n<p>J\u00e1 se passaram 14 anos desde que comecei a academia em 2007 com o desejo de espalhar esse Jiu-jitsu brasileiro para o Jap\u00e3o e fortalecer n\u00e3o s\u00f3 meu corpo, mas tamb\u00e9m meu cora\u00e7\u00e3o. Fora da academia, tamb\u00e9m estamos realizando o &#8221; Projeto Escola de Jiu-Jitsu&#8221;, um projeto para ensinar Jiu-Jitsu brasileiro para crian\u00e7as.<\/p>\n<figure id=\"attachment_9138\" aria-describedby=\"caption-attachment-9138\" style=\"width: 1024px\" class=\"wp-caption alignnone\"><img loading=\"lazy\" decoding=\"async\" src=\"https:\/\/sekitaniacademy.jp\/wp-content\/uploads\/2022\/02\/EAS-hamamatsu-1024x768.jpeg\" alt=\"EAS-hamamatsu\" width=\"1024\" height=\"768\" class=\"size-large wp-image-9138\" srcset=\"https:\/\/sekitaniacademy.jp\/wp-content\/uploads\/2022\/02\/EAS-hamamatsu-1024x768.jpeg 1024w, https:\/\/sekitaniacademy.jp\/wp-content\/uploads\/2022\/02\/EAS-hamamatsu-300x225.jpeg 300w, https:\/\/sekitaniacademy.jp\/wp-content\/uploads\/2022\/02\/EAS-hamamatsu-768x576.jpeg 768w, https:\/\/sekitaniacademy.jp\/wp-content\/uploads\/2022\/02\/EAS-hamamatsu-1536x1152.jpeg 1536w, https:\/\/sekitaniacademy.jp\/wp-content\/uploads\/2022\/02\/EAS-hamamatsu.jpeg 1600w\" sizes=\"auto, (max-width: 1024px) 100vw, 1024px\" \/><figcaption id=\"caption-attachment-9138\" class=\"wp-caption-text\">Projeto Jiu Jitsu Escolar EAS HAMAMATSU (\u67d4\u8853\u30b9\u30af\u30fc\u30eb\u3000\u30d7\u30ed\u30b8\u30a7\u30af\u30c8\u6d5c\u677e\u5e02\u30d6\u30e9\u30b8\u30eb\u5b66\u6821)<\/figcaption><\/figure>\n<figure id=\"attachment_9139\" aria-describedby=\"caption-attachment-9139\" style=\"width: 1024px\" class=\"wp-caption alignnone\"><img loading=\"lazy\" decoding=\"async\" src=\"https:\/\/sekitaniacademy.jp\/wp-content\/uploads\/2022\/02\/creche-em-hamamatsu-1024x768.jpeg\" alt=\"creche-em-hamamatsu\" width=\"1024\" height=\"768\" class=\"size-large wp-image-9139\" srcset=\"https:\/\/sekitaniacademy.jp\/wp-content\/uploads\/2022\/02\/creche-em-hamamatsu-1024x768.jpeg 1024w, https:\/\/sekitaniacademy.jp\/wp-content\/uploads\/2022\/02\/creche-em-hamamatsu-300x225.jpeg 300w, https:\/\/sekitaniacademy.jp\/wp-content\/uploads\/2022\/02\/creche-em-hamamatsu-768x576.jpeg 768w, https:\/\/sekitaniacademy.jp\/wp-content\/uploads\/2022\/02\/creche-em-hamamatsu-1536x1152.jpeg 1536w, https:\/\/sekitaniacademy.jp\/wp-content\/uploads\/2022\/02\/creche-em-hamamatsu.jpeg 1600w\" sizes=\"auto, (max-width: 1024px) 100vw, 1024px\" \/><figcaption id=\"caption-attachment-9139\" class=\"wp-caption-text\">Projeto Jiu Jitsu Escolar em Creche em Hamamatsu (\u67d4\u8853\u30b9\u30af\u30fc\u30eb\u30d7\u30ed\u30b8\u30a7\u30af\u30c8\u30d6\u30e9\u30b8\u30eb\u4fdd\u80b2\u5712\u3000\u6d5c\u677e\u5e02)<br \/><\/figcaption><\/figure>\n<p>A aula tamb\u00e9m oferece artes marciais mistas, karat\u00ea e corrida, que podem ser combinadas com o Jiu-Jitsu brasileiro para fortalecer seu corpo. Vamos treinar nosso corpo e mente juntos.<\/p>\n<p><img loading=\"lazy\" decoding=\"async\" src=\"https:\/\/sekitaniacademy.jp\/wp-content\/uploads\/2021\/02\/instructor2-1024x493.jpg\" alt=\"instructor2\" width=\"1024\" height=\"493\" class=\"alignnone size-large wp-image-428\" srcset=\"https:\/\/sekitaniacademy.jp\/wp-content\/uploads\/2021\/02\/instructor2-1024x493.jpg 1024w, https:\/\/sekitaniacademy.jp\/wp-content\/uploads\/2021\/02\/instructor2-300x144.jpg 300w, https:\/\/sekitaniacademy.jp\/wp-content\/uploads\/2021\/02\/instructor2-768x370.jpg 768w, https:\/\/sekitaniacademy.jp\/wp-content\/uploads\/2021\/02\/instructor2-733x353.jpg 733w, https:\/\/sekitaniacademy.jp\/wp-content\/uploads\/2021\/02\/instructor2-544x262.jpg 544w, https:\/\/sekitaniacademy.jp\/wp-content\/uploads\/2021\/02\/instructor2.jpg 1118w\" sizes=\"auto, (max-width: 1024px) 100vw, 1024px\" \/><\/p>\n<table>\n<tbody>\n<tr>\n<th>Representante do instrutor<\/th>\n<td>Sekitani Joao Paulo Tadashi<\/td>\n<\/tr>\n<tr>\n<th>Jiu Jitsu brasileiro<\/th>\n<td>Cinto preto<\/td>\n<\/tr>\n<tr>\n<th>Turma respons\u00e1vel<\/th>\n<td>Aula de Jiu Jitsu Infantil, Aula de Jiu Jitsu Adulto, Aula de Corrida, Aula de MMA<\/td>\n<\/tr>\n<tr>\n<th>Filia\u00e7\u00e3o a institui\u00e7\u00f5es profissionais<\/th>\n<td>Federa\u00e7\u00e3o de Jiu Jitsu do Jap\u00e3o<br \/>\nGeneral Incorporated Association Jap\u00e3o Brazilian Jiu Jitsu Federation<\/td>\n<\/tr>\n<tr>\n<th>Resultados do torneio<\/th>\n<td>ASJJF XVI COPA DUMAU DE JIU JITSU 2019 (16\u00aa Copa DUMAU DE JIU JITSU 2019)<br \/>\n1\u00aa Divis\u00e3o Infantil \/ 3\u00aa Divis\u00e3o Adultos ASJJF<br \/>\n<br \/>\nDUMAU INTERNATIONAL JIU JITSU CHAMPIONSHIP 2021 (17\u00aa DUMAU International Jiu-Jitsu Championship)<br \/>\ndivis\u00e3o adulto \/ 1\u00ba no Nogi<br \/>\n<\/tr>\n<tr>\n<th>endere\u00e7o de contato<\/th>\n<td>Telefone\uff1a090-4262-3411<\/td>\n<\/tr>\n<\/tbody>\n<\/table>\n","protected":false},"excerpt":{"rendered":"<p>Quero fortalecer as pessoas com Jiu-Jitsu e artes marciais Sou Sekitani, instrutor que hospeda a Academia Sekitani Jiu-Jitsu. J\u00e1 se passaram 20 anos desde que comecei o Brazilian Jiu-Jitsu. O Jiu-Jitsu brasileiro \u00e9 uma arte marcial em que o jud\u00f4 japon\u00eas foi apresentado \u00e0 fam\u00edlia Gracie no Brasil por Mitsuyo Maeda (Konde Koma), e foi [&hellip;]<\/p>\n","protected":false},"author":2,"featured_media":419,"parent":0,"menu_order":0,"comment_status":"closed","ping_status":"closed","template":"templates\/right-sidebar.php","meta":{"_locale":"pt_BR","_original_post":"https:\/\/sekitaniacademy.jp\/?page_id=19","footnotes":""},"class_list":["post-9143","page","type-page","status-publish","has-post-thumbnail","hentry","pt-BR"],"_links":{"self":[{"href":"https:\/\/sekitaniacademy.jp\/wp-json\/wp\/v2\/pages\/9143","targetHints":{"allow":["GET"]}}],"collection":[{"href":"https:\/\/sekitaniacademy.jp\/wp-json\/wp\/v2\/pages"}],"about":[{"href":"https:\/\/sekitaniacademy.jp\/wp-json\/wp\/v2\/types\/page"}],"author":[{"embeddable":true,"href":"https:\/\/sekitaniacademy.jp\/wp-json\/wp\/v2\/users\/2"}],"replies":[{"embeddable":true,"href":"https:\/\/sekitaniacademy.jp\/wp-json\/wp\/v2\/comments?post=9143"}],"version-history":[{"count":7,"href":"https:\/\/sekitaniacademy.jp\/wp-json\/wp\/v2\/pages\/9143\/revisions"}],"predecessor-version":[{"id":9150,"href":"https:\/\/sekitaniacademy.jp\/wp-json\/wp\/v2\/pages\/9143\/revisions\/9150"}],"wp:featuredmedia":[{"embeddable":true,"href":"https:\/\/sekitaniacademy.jp\/wp-json\/wp\/v2\/media\/419"}],"wp:attachment":[{"href":"https:\/\/sekitaniacademy.jp\/wp-json\/wp\/v2\/media?parent=9143"}],"curies":[{"name":"wp","href":"https:\/\/api.w.org\/{rel}","templated":true}]}}